{"id":2065,"date":"2024-06-25T10:46:12","date_gmt":"2024-06-25T07:46:12","guid":{"rendered":"https:\/\/ecladoturkiye.com\/?post_type=product&#038;p=2065"},"modified":"2024-06-25T10:46:13","modified_gmt":"2024-06-25T07:46:13","slug":"moisture-soothing-gel","status":"publish","type":"product","link":"https:\/\/ecladoturkiye.com\/en\/moisture-soothing-gel\/","title":{"rendered":"Moisture Soothing Gel"},"content":{"rendered":"<p>Bu \u00fcr\u00fcn, stres ve d\u0131\u015f etkenlerden kolayca zarar g\u00f6ren hassas cildi rahatlatmak i\u00e7in 7 do\u011fal sebze \u00f6z\u00fc, Allantoin ve Meyank\u00f6k\u00fc K\u00f6k\u00fc \u00f6zleri i\u00e7erir. A\u015f\u0131r\u0131 sebumu kontrol eder, sivilce ve sivilcelerin iyile\u015fmesine ve \u00f6nlenmesine yard\u0131mc\u0131 olur. Hyaluronik Asit ve Hidraktin gibi Hydra kompleksi cildi nem kayb\u0131ndan korur ve ince bir nem bariyeri olu\u015fturarak cildi yumu\u015fat\u0131p nemlendirir.<\/p>\n<p><strong>Talimatlar<\/strong><br \/>\nCildinizi temizleyip toner uygulad\u0131ktan sonra bol miktarda kremi hafif spiral hareketlerle y\u00fcz\u00fcn\u00fcze uygulay\u0131n.<\/p>\n<p><strong>Faydalar<\/strong><br \/>\n\u2022 Su kayb\u0131n\u0131 an\u0131nda giderir ve nem kayb\u0131n\u0131 \u00f6nler.<br \/>\n\u2022 24 saat nemlendirme i\u00e7in nemi hapseder.<br \/>\n\u2022 A\u015f\u0131r\u0131 sebum \u00fcretimini \u00f6nler.<br \/>\n\u2022 Sivilceleri iyile\u015ftirir ve \u00f6nler.<\/p>\n<p><strong>\u0130\u00e7eri\u011fi:<\/strong><\/p>\n<p>Water, Glycerin, Sodium Hyaluronate, Glyceryl Acrylate\/Acrylic Acid Copolymer, Cyclopentasiloxan, Cyclohexasiloxane, Dimethicone, Dimethicone\/Vinyl Dimethicone Crosspolymer, Laureth-23, Sodium Polyacrylate, Hydrogenated Polydecene, Trideceth-6, Decylene Glycol, Pentylene Glycol, Butylene Glycol, Cetyl Ethylhexanoate, Acrtium Lappa Root Extract, Citrus Limon (Lemon0 Fruit Extract, Humulus Lupulus (Hops) Extract, Hypericum Perforatum Extract, Salvia Officinalis (Sage) Leaf Extract, Calendula Officinalis Leaf\/Root Extract, Propylene Glycol, Disodium Adenosine Triphosphate, Algin, Carica Papaya (Papaya) Fruit Extract, Allantoin, Dipotassium Glycyrrhizate, 1,2-Hexanediol, Polyacrylate-13, Polyisobutene, Polysorbate 20, Carbomer, Caprylhydroxamic Acid, Caprylyl Glycol, Disodium EDTA, Triethanolamine, Parfum, CI 42090<\/p>\n","protected":false},"excerpt":{"rendered":"<p>Bu \u00fcr\u00fcn, stres ve d\u0131\u015f etkenlerden kolayca zarar g\u00f6ren hassas cildi rahatlatmak i\u00e7in 7 do\u011fal sebze \u00f6z\u00fc, Allantoin ve Meyank\u00f6k\u00fc K\u00f6k\u00fc \u00f6zleri i\u00e7erir. A\u015f\u0131r\u0131 sebumu kontrol eder, sivilce ve sivilcelerin iyile\u015fmesine ve \u00f6nlenmesine yard\u0131mc\u0131 olur. Hyaluronik Asit ve Hidraktin gibi Hydra kompleksi cildi nem kayb\u0131ndan korur ve ince bir nem bariyeri olu\u015fturarak cildi yumu\u015fat\u0131p nemlendirir.<\/p>\n","protected":false},"featured_media":2067,"comment_status":"open","ping_status":"closed","template":"","meta":{"_joinchat":[]},"product_brand":[],"product_cat":[73,85,91,88,82,122,90],"product_tag":[],"class_list":{"0":"post-2065","1":"product","2":"type-product","3":"status-publish","4":"has-post-thumbnail","6":"product_cat-deep-hydration-series","7":"product_cat-akne-ve-lekeler","8":"product_cat-boyun","9":"product_cat-kirisiklik-giderici","10":"product_cat-kuru-ve-nemsiz-cilt","11":"product_cat-nemlendirici","12":"product_cat-yuz","14":"first","15":"instock","16":"taxable","17":"shipping-taxable","18":"purchasable","19":"product-type-variable"},"_links":{"self":[{"href":"https:\/\/ecladoturkiye.com\/en\/wp-json\/wp\/v2\/product\/2065","targetHints":{"allow":["GET"]}}],"collection":[{"href":"https:\/\/ecladoturkiye.com\/en\/wp-json\/wp\/v2\/product"}],"about":[{"href":"https:\/\/ecladoturkiye.com\/en\/wp-json\/wp\/v2\/types\/product"}],"replies":[{"embeddable":true,"href":"https:\/\/ecladoturkiye.com\/en\/wp-json\/wp\/v2\/comments?post=2065"}],"version-history":[{"count":1,"href":"https:\/\/ecladoturkiye.com\/en\/wp-json\/wp\/v2\/product\/2065\/revisions"}],"predecessor-version":[{"id":2069,"href":"https:\/\/ecladoturkiye.com\/en\/wp-json\/wp\/v2\/product\/2065\/revisions\/2069"}],"wp:featuredmedia":[{"embeddable":true,"href":"https:\/\/ecladoturkiye.com\/en\/wp-json\/wp\/v2\/media\/2067"}],"wp:attachment":[{"href":"https:\/\/ecladoturkiye.com\/en\/wp-json\/wp\/v2\/media?parent=2065"}],"wp:term":[{"taxonomy":"product_brand","embeddable":true,"href":"https:\/\/ecladoturkiye.com\/en\/wp-json\/wp\/v2\/product_brand?post=2065"},{"taxonomy":"product_cat","embeddable":true,"href":"https:\/\/ecladoturkiye.com\/en\/wp-json\/wp\/v2\/product_cat?post=2065"},{"taxonomy":"product_tag","embeddable":true,"href":"https:\/\/ecladoturkiye.com\/en\/wp-json\/wp\/v2\/product_tag?post=2065"}],"curies":[{"name":"wp","href":"https:\/\/api.w.org\/{rel}","templated":true}]}}