{"id":1995,"date":"2024-06-24T11:30:46","date_gmt":"2024-06-24T08:30:46","guid":{"rendered":"https:\/\/ecladoturkiye.com\/?post_type=product&#038;p=1995"},"modified":"2024-06-24T11:35:10","modified_gmt":"2024-06-24T08:35:10","slug":"melaser-whitening-toner","status":"publish","type":"product","link":"https:\/\/ecladoturkiye.com\/en\/melaser-whitening-toner\/","title":{"rendered":"Melaser Whitening Toner"},"content":{"rendered":"<p>Nemlendirici ve Parlat\u0131c\u0131 &#8211; Beyazlatma etkisi sa\u011flamak, cilt dengesini korumak ve p\u00fcr\u00fczs\u00fcz bir cilt olu\u015fturmak i\u00e7in nikotinamid ve patentli i\u00e7erik ELL-7 White i\u00e7erir.<\/p>\n<p><strong>Talimatlar<\/strong><br \/>\nCildinizi temizledikten sonra toni\u011fi pamu\u011fa d\u00f6k\u00fcn ve g\u00f6z \u00e7evresinden ka\u00e7\u0131narak y\u00fcz\u00fcn\u00fcz\u00fc nazik\u00e7e silin.<\/p>\n<div class=\"panel\">\n<div class=\"tab-editor-container ywtm_content_tab\">\n<p><strong>\u0130\u00e7eri\u011fi:<\/strong><\/p>\n<p>Water, Diproylene Glycol, Niacinamide, 1,2- Hexanediol, Dimethyl Sulfone, Glycosyl Trehalose, Hydrogenated Starch Hydrolysate, Citrus Junos Fruit Extract, Sodium Hyaluronate, Butylene Glycol, Lactobacillus Ferment, Prunus Mume Fruit Extract, Punica Granatum Fruit Extract, Schisandra Chinensis Fruit Extract, Lycium Chinense Fruit Extract, Morus Alba Fruit Extract, Phoenix Dactylifera (Date) Fruit Extract, Rubus Chingii Fruit Extract, 3-O-Ethyl Ascorbic Acid, Panthenol, Allantoin, PEG-60 Hydrogenated Castor Oil, Citric Acid, Ethylhexylglycerin, Chlorphenesin, Citrus Aurantium Bergamia (Bergarmot) Fruit Oil, Linalool, Limonene<\/p>\n<\/div>\n<\/div>\n","protected":false},"excerpt":{"rendered":"<p>Nemlendirici ve Parlat\u0131c\u0131 &#8211; Beyazlatma etkisi sa\u011flamak, cilt dengesini korumak ve p\u00fcr\u00fczs\u00fcz bir cilt olu\u015fturmak i\u00e7in nikotinamid ve patentli i\u00e7erik ELL-7 White i\u00e7erir.<\/p>\n","protected":false},"featured_media":1997,"comment_status":"open","ping_status":"closed","template":"","meta":{"_joinchat":[]},"product_brand":[],"product_cat":[39,91,86,88,83,87,80,116,90],"product_tag":[],"class_list":{"0":"post-1995","1":"product","2":"type-product","3":"status-publish","4":"has-post-thumbnail","6":"product_cat-brightening-series","7":"product_cat-boyun","8":"product_cat-gozenek-bakimi","9":"product_cat-kirisiklik-giderici","10":"product_cat-mat-cilt","11":"product_cat-olgun-cilt","12":"product_cat-pigmentasyon","13":"product_cat-toner-tonik","14":"product_cat-yuz","16":"first","17":"instock","18":"taxable","19":"shipping-taxable","20":"purchasable","21":"product-type-variable"},"_links":{"self":[{"href":"https:\/\/ecladoturkiye.com\/en\/wp-json\/wp\/v2\/product\/1995","targetHints":{"allow":["GET"]}}],"collection":[{"href":"https:\/\/ecladoturkiye.com\/en\/wp-json\/wp\/v2\/product"}],"about":[{"href":"https:\/\/ecladoturkiye.com\/en\/wp-json\/wp\/v2\/types\/product"}],"replies":[{"embeddable":true,"href":"https:\/\/ecladoturkiye.com\/en\/wp-json\/wp\/v2\/comments?post=1995"}],"version-history":[{"count":2,"href":"https:\/\/ecladoturkiye.com\/en\/wp-json\/wp\/v2\/product\/1995\/revisions"}],"predecessor-version":[{"id":2000,"href":"https:\/\/ecladoturkiye.com\/en\/wp-json\/wp\/v2\/product\/1995\/revisions\/2000"}],"wp:featuredmedia":[{"embeddable":true,"href":"https:\/\/ecladoturkiye.com\/en\/wp-json\/wp\/v2\/media\/1997"}],"wp:attachment":[{"href":"https:\/\/ecladoturkiye.com\/en\/wp-json\/wp\/v2\/media?parent=1995"}],"wp:term":[{"taxonomy":"product_brand","embeddable":true,"href":"https:\/\/ecladoturkiye.com\/en\/wp-json\/wp\/v2\/product_brand?post=1995"},{"taxonomy":"product_cat","embeddable":true,"href":"https:\/\/ecladoturkiye.com\/en\/wp-json\/wp\/v2\/product_cat?post=1995"},{"taxonomy":"product_tag","embeddable":true,"href":"https:\/\/ecladoturkiye.com\/en\/wp-json\/wp\/v2\/product_tag?post=1995"}],"curies":[{"name":"wp","href":"https:\/\/api.w.org\/{rel}","templated":true}]}}